{"id":710,"date":"2019-11-22T11:03:29","date_gmt":"2019-11-22T11:03:29","guid":{"rendered":"http:\/\/eveniments.es\/?page_id=710"},"modified":"2020-07-17T15:48:33","modified_gmt":"2020-07-17T15:48:33","slug":"espectaculos-de-magia","status":"publish","type":"page","link":"https:\/\/eveniments.es\/home\/servicios\/espectaculos-de-magia","title":{"rendered":"Espect\u00e1culos de Magia"},"content":{"rendered":"<p>Proponemos la mejor oferta de magia tem\u00e1tica para todos los p\u00fablicos.<\/p>\n<p>[pdf-embedder url=\u00bbhttp:\/\/eveniments.es\/wp-content\/uploads\/2020\/02\/Especial-Magia.pdf\u00bb title=\u00bbEspecial Magia\u00bb]<\/p>\n<p><iframe loading=\"lazy\" title=\"Especial Magia\" width=\"500\" height=\"375\" src=\"https:\/\/www.youtube.com\/embed\/jJviHkgm-uo?feature=oembed\" frameborder=\"0\" allow=\"accelerometer; autoplay; clipboard-write; encrypted-media; gyroscope; picture-in-picture; web-share\" referrerpolicy=\"strict-origin-when-cross-origin\" allowfullscreen><\/iframe><\/p>\n<p>&nbsp;<\/p>\n<p>&nbsp;<\/p>\n","protected":false},"excerpt":{"rendered":"<div class=\"mh-excerpt\"><p>Proponemos la mejor oferta de magia tem\u00e1tica para todos los p\u00fablicos. [pdf-embedder url=\u00bbhttp:\/\/eveniments.es\/wp-content\/uploads\/2020\/02\/Especial-Magia.pdf\u00bb title=\u00bbEspecial Magia\u00bb] &nbsp; &nbsp;<\/p>\n<\/div>","protected":false},"author":1,"featured_media":0,"parent":11,"menu_order":5,"comment_status":"closed","ping_status":"closed","template":"template-full.php","meta":{"footnotes":""},"class_list":["post-710","page","type-page","status-publish","hentry"],"_links":{"self":[{"href":"https:\/\/eveniments.es\/home\/wp-json\/wp\/v2\/pages\/710","targetHints":{"allow":["GET"]}}],"collection":[{"href":"https:\/\/eveniments.es\/home\/wp-json\/wp\/v2\/pages"}],"about":[{"href":"https:\/\/eveniments.es\/home\/wp-json\/wp\/v2\/types\/page"}],"author":[{"embeddable":true,"href":"https:\/\/eveniments.es\/home\/wp-json\/wp\/v2\/users\/1"}],"replies":[{"embeddable":true,"href":"https:\/\/eveniments.es\/home\/wp-json\/wp\/v2\/comments?post=710"}],"version-history":[{"count":5,"href":"https:\/\/eveniments.es\/home\/wp-json\/wp\/v2\/pages\/710\/revisions"}],"predecessor-version":[{"id":1326,"href":"https:\/\/eveniments.es\/home\/wp-json\/wp\/v2\/pages\/710\/revisions\/1326"}],"up":[{"embeddable":true,"href":"https:\/\/eveniments.es\/home\/wp-json\/wp\/v2\/pages\/11"}],"wp:attachment":[{"href":"https:\/\/eveniments.es\/home\/wp-json\/wp\/v2\/media?parent=710"}],"curies":[{"name":"wp","href":"https:\/\/api.w.org\/{rel}","templated":true}]}}