{"id":828,"date":"2019-11-22T12:39:31","date_gmt":"2019-11-22T12:39:31","guid":{"rendered":"http:\/\/eveniments.es\/?page_id=828"},"modified":"2020-06-30T13:49:30","modified_gmt":"2020-06-30T13:49:30","slug":"impresion-3d","status":"publish","type":"page","link":"https:\/\/eveniments.es\/home\/servicios\/espectaculos-tecnologicos\/impresion-3d","title":{"rendered":"Impresi\u00f3n 3D"},"content":{"rendered":"<p>Dise\u00f1os,talleres,una experiencia con la impresi\u00f3n 3D.<\/p>\n<div id='gallery-1' class='gallery galleryid-828 gallery-columns-1 gallery-size-large'><figure class='gallery-item'>\n\t\t\t<div class='gallery-icon landscape'>\n\t\t\t\t<a href='https:\/\/eveniments.es\/home\/servicios\/espectaculos-tecnologicos\/impresion-3d\/eventos-eveniments_page-0091'><img loading=\"lazy\" decoding=\"async\" width=\"1024\" height=\"576\" src=\"https:\/\/eveniments.es\/wp-content\/uploads\/2019\/11\/Eventos-Eveniments_page-0091-1024x576.jpg\" class=\"attachment-large size-large\" alt=\"\" srcset=\"https:\/\/eveniments.es\/wp-content\/uploads\/2019\/11\/Eventos-Eveniments_page-0091-1024x576.jpg 1024w, https:\/\/eveniments.es\/wp-content\/uploads\/2019\/11\/Eventos-Eveniments_page-0091-300x169.jpg 300w, https:\/\/eveniments.es\/wp-content\/uploads\/2019\/11\/Eventos-Eveniments_page-0091-768x432.jpg 768w, https:\/\/eveniments.es\/wp-content\/uploads\/2019\/11\/Eventos-Eveniments_page-0091-678x381.jpg 678w, https:\/\/eveniments.es\/wp-content\/uploads\/2019\/11\/Eventos-Eveniments_page-0091.jpg 2000w\" sizes=\"auto, (max-width: 1024px) 100vw, 1024px\" \/><\/a>\n\t\t\t<\/div><\/figure><figure class='gallery-item'>\n\t\t\t<div class='gallery-icon landscape'>\n\t\t\t\t<a href='https:\/\/eveniments.es\/home\/servicios\/espectaculos-tecnologicos\/impresion-3d\/eventos-eveniments_page-0092'><img loading=\"lazy\" decoding=\"async\" width=\"1024\" height=\"576\" src=\"https:\/\/eveniments.es\/wp-content\/uploads\/2019\/11\/Eventos-Eveniments_page-0092-1024x576.jpg\" class=\"attachment-large size-large\" alt=\"\" srcset=\"https:\/\/eveniments.es\/wp-content\/uploads\/2019\/11\/Eventos-Eveniments_page-0092-1024x576.jpg 1024w, https:\/\/eveniments.es\/wp-content\/uploads\/2019\/11\/Eventos-Eveniments_page-0092-300x169.jpg 300w, https:\/\/eveniments.es\/wp-content\/uploads\/2019\/11\/Eventos-Eveniments_page-0092-768x432.jpg 768w, https:\/\/eveniments.es\/wp-content\/uploads\/2019\/11\/Eventos-Eveniments_page-0092-678x381.jpg 678w, https:\/\/eveniments.es\/wp-content\/uploads\/2019\/11\/Eventos-Eveniments_page-0092.jpg 2000w\" sizes=\"auto, (max-width: 1024px) 100vw, 1024px\" \/><\/a>\n\t\t\t<\/div><\/figure>\n\t\t<\/div>\n\n","protected":false},"excerpt":{"rendered":"<div class=\"mh-excerpt\"><p>Dise\u00f1os,talleres,una experiencia con la impresi\u00f3n 3D.<\/p>\n<\/div>","protected":false},"author":1,"featured_media":0,"parent":814,"menu_order":5,"comment_status":"closed","ping_status":"closed","template":"template-full.php","meta":{"footnotes":""},"class_list":["post-828","page","type-page","status-publish","hentry"],"_links":{"self":[{"href":"https:\/\/eveniments.es\/home\/wp-json\/wp\/v2\/pages\/828","targetHints":{"allow":["GET"]}}],"collection":[{"href":"https:\/\/eveniments.es\/home\/wp-json\/wp\/v2\/pages"}],"about":[{"href":"https:\/\/eveniments.es\/home\/wp-json\/wp\/v2\/types\/page"}],"author":[{"embeddable":true,"href":"https:\/\/eveniments.es\/home\/wp-json\/wp\/v2\/users\/1"}],"replies":[{"embeddable":true,"href":"https:\/\/eveniments.es\/home\/wp-json\/wp\/v2\/comments?post=828"}],"version-history":[{"count":2,"href":"https:\/\/eveniments.es\/home\/wp-json\/wp\/v2\/pages\/828\/revisions"}],"predecessor-version":[{"id":881,"href":"https:\/\/eveniments.es\/home\/wp-json\/wp\/v2\/pages\/828\/revisions\/881"}],"up":[{"embeddable":true,"href":"https:\/\/eveniments.es\/home\/wp-json\/wp\/v2\/pages\/814"}],"wp:attachment":[{"href":"https:\/\/eveniments.es\/home\/wp-json\/wp\/v2\/media?parent=828"}],"curies":[{"name":"wp","href":"https:\/\/api.w.org\/{rel}","templated":true}]}}