{"id":830,"date":"2019-11-22T12:41:00","date_gmt":"2019-11-22T12:41:00","guid":{"rendered":"http:\/\/eveniments.es\/?page_id=830"},"modified":"2020-06-30T13:49:35","modified_gmt":"2020-06-30T13:49:35","slug":"video-mapping","status":"publish","type":"page","link":"https:\/\/eveniments.es\/home\/servicios\/espectaculos-tecnologicos\/video-mapping","title":{"rendered":"Video Mapping"},"content":{"rendered":"<p>Descubre nuestros espect\u00e1culos de v\u00eddeo mapping unidos al espect\u00e1culo o la gastronom\u00eda.<\/p>\n<div id='gallery-1' class='gallery galleryid-830 gallery-columns-1 gallery-size-large'><figure class='gallery-item'>\n\t\t\t<div class='gallery-icon landscape'>\n\t\t\t\t<a href='https:\/\/eveniments.es\/home\/servicios\/espectaculos-tecnologicos\/video-mapping\/nuevos-espectaculos_page-0011-2'><img loading=\"lazy\" decoding=\"async\" width=\"1024\" height=\"576\" src=\"https:\/\/eveniments.es\/wp-content\/uploads\/2019\/11\/Nuevos-espectaculos_page-0011-1-1024x576.jpg\" class=\"attachment-large size-large\" alt=\"\" srcset=\"https:\/\/eveniments.es\/wp-content\/uploads\/2019\/11\/Nuevos-espectaculos_page-0011-1-1024x576.jpg 1024w, https:\/\/eveniments.es\/wp-content\/uploads\/2019\/11\/Nuevos-espectaculos_page-0011-1-300x169.jpg 300w, https:\/\/eveniments.es\/wp-content\/uploads\/2019\/11\/Nuevos-espectaculos_page-0011-1-768x432.jpg 768w, https:\/\/eveniments.es\/wp-content\/uploads\/2019\/11\/Nuevos-espectaculos_page-0011-1-678x381.jpg 678w, https:\/\/eveniments.es\/wp-content\/uploads\/2019\/11\/Nuevos-espectaculos_page-0011-1.jpg 2000w\" sizes=\"auto, (max-width: 1024px) 100vw, 1024px\" \/><\/a>\n\t\t\t<\/div><\/figure><figure class='gallery-item'>\n\t\t\t<div class='gallery-icon landscape'>\n\t\t\t\t<a href='https:\/\/eveniments.es\/home\/servicios\/espectaculos-tecnologicos\/video-mapping\/nuevos-espectaculos_page-0013-2'><img loading=\"lazy\" decoding=\"async\" width=\"1024\" height=\"576\" src=\"https:\/\/eveniments.es\/wp-content\/uploads\/2019\/11\/Nuevos-espectaculos_page-0013-1-1024x576.jpg\" class=\"attachment-large size-large\" alt=\"\" srcset=\"https:\/\/eveniments.es\/wp-content\/uploads\/2019\/11\/Nuevos-espectaculos_page-0013-1-1024x576.jpg 1024w, https:\/\/eveniments.es\/wp-content\/uploads\/2019\/11\/Nuevos-espectaculos_page-0013-1-300x169.jpg 300w, https:\/\/eveniments.es\/wp-content\/uploads\/2019\/11\/Nuevos-espectaculos_page-0013-1-768x432.jpg 768w, https:\/\/eveniments.es\/wp-content\/uploads\/2019\/11\/Nuevos-espectaculos_page-0013-1-678x381.jpg 678w, https:\/\/eveniments.es\/wp-content\/uploads\/2019\/11\/Nuevos-espectaculos_page-0013-1.jpg 2000w\" sizes=\"auto, (max-width: 1024px) 100vw, 1024px\" \/><\/a>\n\t\t\t<\/div><\/figure>\n\t\t<\/div>\n\n","protected":false},"excerpt":{"rendered":"<div class=\"mh-excerpt\"><p>Descubre nuestros espect\u00e1culos de v\u00eddeo mapping unidos al espect\u00e1culo o la gastronom\u00eda.<\/p>\n<\/div>","protected":false},"author":1,"featured_media":0,"parent":814,"menu_order":6,"comment_status":"closed","ping_status":"closed","template":"template-full.php","meta":{"footnotes":""},"class_list":["post-830","page","type-page","status-publish","hentry"],"_links":{"self":[{"href":"https:\/\/eveniments.es\/home\/wp-json\/wp\/v2\/pages\/830","targetHints":{"allow":["GET"]}}],"collection":[{"href":"https:\/\/eveniments.es\/home\/wp-json\/wp\/v2\/pages"}],"about":[{"href":"https:\/\/eveniments.es\/home\/wp-json\/wp\/v2\/types\/page"}],"author":[{"embeddable":true,"href":"https:\/\/eveniments.es\/home\/wp-json\/wp\/v2\/users\/1"}],"replies":[{"embeddable":true,"href":"https:\/\/eveniments.es\/home\/wp-json\/wp\/v2\/comments?post=830"}],"version-history":[{"count":2,"href":"https:\/\/eveniments.es\/home\/wp-json\/wp\/v2\/pages\/830\/revisions"}],"predecessor-version":[{"id":885,"href":"https:\/\/eveniments.es\/home\/wp-json\/wp\/v2\/pages\/830\/revisions\/885"}],"up":[{"embeddable":true,"href":"https:\/\/eveniments.es\/home\/wp-json\/wp\/v2\/pages\/814"}],"wp:attachment":[{"href":"https:\/\/eveniments.es\/home\/wp-json\/wp\/v2\/media?parent=830"}],"curies":[{"name":"wp","href":"https:\/\/api.w.org\/{rel}","templated":true}]}}